{"id":97,"date":"2022-01-22T22:47:51","date_gmt":"2022-01-22T22:47:51","guid":{"rendered":"https:\/\/aprendre.cat\/portal\/?page_id=97"},"modified":"2022-01-22T22:47:51","modified_gmt":"2022-01-22T22:47:51","slug":"propietat-intellectual","status":"publish","type":"page","link":"https:\/\/aprendre.cat\/portal\/propietat-intellectual\/","title":{"rendered":"Propietat intel\u00b7lectual"},"content":{"rendered":"\n<p>A part de les consideracions generals de l&#8217;Av\u00eds legal, sobre propietat intel\u00b7lectual, a aquesta web pot haver-hi, o estar enlla\u00e7ats, materials que estiguin sotmesos a llic\u00e8ncies lliures, Creative Commons, etc., que, per la mateixa naturalesa d&#8217;aquestes llic\u00e8ncies, no poden patir restriccions a la seva distribuci\u00f3 o compartici\u00f3 m\u00e9s enll\u00e0 de les que consten a la mateixa llic\u00e8ncia.<\/p>\n\n\n\n<p>En concret, els materials de creaci\u00f3 pr\u00f2pia, seran posats a disposici\u00f3 del p\u00fablic amb llic\u00e8ncies lliures, de codi obert o Creative Commons.<\/p>\n\n\n\n<p>En general, l&#8217;Usuari s&#8217;ha d&#8217;atenir a la restricci\u00f3 m\u00e0xima quan no consti el tipus de llic\u00e8ncia d&#8217;un recurs, material, o element de qualsevol mena. Si la llic\u00e8ncia d&#8217;un recurs, material, o element de qualsevol mena hi consta, s&#8217;ha d&#8217;acollir als termes de la llic\u00e8ncia que hi consti.<\/p>\n","protected":false},"excerpt":{"rendered":"<p>A part de les consideracions generals de l&#8217;Av\u00eds legal, sobre propietat intel\u00b7lectual, a aquesta web pot haver-hi, o estar enlla\u00e7ats, materials que estiguin sotmesos a llic\u00e8ncies lliures, Creative Commons, etc., que, per la mateixa naturalesa d&#8217;aquestes llic\u00e8ncies, no poden patir restriccions a la seva distribuci\u00f3 o compartici\u00f3 m\u00e9s enll\u00e0 de les que consten a la &hellip; <\/p>\n<p class=\"link-more\"><a href=\"https:\/\/aprendre.cat\/portal\/propietat-intellectual\/\" class=\"more-link\">Continua llegint <span class=\"screen-reader-text\">\u00abPropietat intel\u00b7lectual\u00bb<\/span><\/a><\/p>\n","protected":false},"author":1,"featured_media":0,"parent":0,"menu_order":0,"comment_status":"closed","ping_status":"closed","template":"","meta":{"pagelayer_contact_templates":[],"_pagelayer_content":"","footnotes":""},"class_list":["post-97","page","type-page","status-publish","hentry"],"_links":{"self":[{"href":"https:\/\/aprendre.cat\/portal\/wp-json\/wp\/v2\/pages\/97","targetHints":{"allow":["GET"]}}],"collection":[{"href":"https:\/\/aprendre.cat\/portal\/wp-json\/wp\/v2\/pages"}],"about":[{"href":"https:\/\/aprendre.cat\/portal\/wp-json\/wp\/v2\/types\/page"}],"author":[{"embeddable":true,"href":"https:\/\/aprendre.cat\/portal\/wp-json\/wp\/v2\/users\/1"}],"replies":[{"embeddable":true,"href":"https:\/\/aprendre.cat\/portal\/wp-json\/wp\/v2\/comments?post=97"}],"version-history":[{"count":1,"href":"https:\/\/aprendre.cat\/portal\/wp-json\/wp\/v2\/pages\/97\/revisions"}],"predecessor-version":[{"id":99,"href":"https:\/\/aprendre.cat\/portal\/wp-json\/wp\/v2\/pages\/97\/revisions\/99"}],"wp:attachment":[{"href":"https:\/\/aprendre.cat\/portal\/wp-json\/wp\/v2\/media?parent=97"}],"curies":[{"name":"wp","href":"https:\/\/api.w.org\/{rel}","templated":true}]}}